{"id":3927,"date":"2020-12-27T10:34:11","date_gmt":"2020-12-27T10:34:11","guid":{"rendered":"https:\/\/ehtclinic.com.tr\/?page_id=3927"},"modified":"2023-08-29T11:11:59","modified_gmt":"2023-08-29T08:11:59","slug":"our-services","status":"publish","type":"page","link":"https:\/\/ehtclinic.com.tr\/tr\/our-services\/","title":{"rendered":"Tedavilerimiz"},"content":{"rendered":"<div data-elementor-type=\"wp-page\" data-elementor-id=\"3927\" class=\"elementor elementor-3927\">\n\t\t\t\t\t\t\t\t\t<section class=\"elementor-section elementor-top-section elementor-element elementor-element-0031877 elementor-section-stretched scheme_default elementor-section-boxed elementor-section-height-default elementor-section-height-default sc_fly_static\" data-id=\"0031877\" data-element_type=\"section\" data-settings=\"{&quot;stretch_section&quot;:&quot;section-stretched&quot;,&quot;background_background&quot;:&quot;classic&quot;}\">\n\t\t\t\t\t\t<div class=\"elementor-container elementor-column-gap-extended\">\n\t\t\t\t\t<div class=\"elementor-column elementor-col-100 elementor-top-column elementor-element elementor-element-ec54732 sc_inner_width_none sc_content_align_inherit sc_layouts_column_icons_position_left sc_fly_static\" data-id=\"ec54732\" data-element_type=\"column\">\n\t\t\t<div class=\"elementor-widget-wrap elementor-element-populated\">\n\t\t\t\t\t\t\t\t<div class=\"elementor-element elementor-element-1956d5e sc_height_huge sc_fly_static elementor-widget elementor-widget-spacer\" data-id=\"1956d5e\" data-element_type=\"widget\" data-widget_type=\"spacer.default\">\n\t\t\t\t<div class=\"elementor-widget-container\">\n\t\t\t<style>\/*! elementor - v3.15.0 - 20-08-2023 *\/\n.elementor-column .elementor-spacer-inner{height:var(--spacer-size)}.e-con{--container-widget-width:100%}.e-con-inner>.elementor-widget-spacer,.e-con>.elementor-widget-spacer{width:var(--container-widget-width,var(--spacer-size));--align-self:var(--container-widget-align-self,initial);--flex-shrink:0}.e-con-inner>.elementor-widget-spacer>.elementor-widget-container,.e-con-inner>.elementor-widget-spacer>.elementor-widget-container>.elementor-spacer,.e-con>.elementor-widget-spacer>.elementor-widget-container,.e-con>.elementor-widget-spacer>.elementor-widget-container>.elementor-spacer{height:100%}.e-con-inner>.elementor-widget-spacer>.elementor-widget-container>.elementor-spacer>.elementor-spacer-inner,.e-con>.elementor-widget-spacer>.elementor-widget-container>.elementor-spacer>.elementor-spacer-inner{height:var(--container-widget-height,var(--spacer-size))}<\/style>\t\t<div class=\"elementor-spacer\">\n\t\t\t<div class=\"elementor-spacer-inner\"><\/div>\n\t\t<\/div>\n\t\t\t\t<\/div>\n\t\t\t\t<\/div>\n\t\t\t\t<section class=\"elementor-section elementor-inner-section elementor-element elementor-element-4512096 elementor-section-boxed elementor-section-height-default elementor-section-height-default sc_fly_static\" data-id=\"4512096\" data-element_type=\"section\">\n\t\t\t\t\t\t<div class=\"elementor-container elementor-column-gap-no\">\n\t\t\t\t\t<div class=\"elementor-column elementor-col-50 elementor-inner-column elementor-element elementor-element-f306df5 sc_inner_width_none sc_content_align_inherit sc_layouts_column_icons_position_left sc_fly_static\" data-id=\"f306df5\" data-element_type=\"column\">\n\t\t\t<div class=\"elementor-widget-wrap elementor-element-populated\">\n\t\t\t\t\t\t\t\t<div class=\"elementor-element elementor-element-a086ec2 sc_fly_static elementor-widget elementor-widget-trx_sc_title\" data-id=\"a086ec2\" data-element_type=\"widget\" data-widget_type=\"trx_sc_title.default\">\n\t\t\t\t<div class=\"elementor-widget-container\">\n\t\t\t<div\t\tclass=\"sc_title sc_title_default\" ><span class=\"sc_item_subtitle sc_title_subtitle sc_item_subtitle_above sc_item_title_style_default\">Sa\u00e7 Ekimi<\/span><h1 class=\"sc_item_title sc_title_title sc_item_title_style_default sc_item_title_tag\"\n\t\t\t><span class=\"sc_item_title_text\">Sa\u00e7 Ekimi Tedavilerimiz<\/span><\/h1><\/div>\t\t<\/div>\n\t\t\t\t<\/div>\n\t\t\t\t\t<\/div>\n\t\t<\/div>\n\t\t\t\t<div class=\"elementor-column elementor-col-50 elementor-inner-column elementor-element elementor-element-cc65ed3 sc_inner_width_none sc_content_align_inherit sc_layouts_column_icons_position_left sc_fly_static\" data-id=\"cc65ed3\" data-element_type=\"column\">\n\t\t\t<div class=\"elementor-widget-wrap elementor-element-populated\">\n\t\t\t\t\t\t\t\t<div class=\"elementor-element elementor-element-5a36486 sc_fly_static elementor-widget elementor-widget-spacer\" data-id=\"5a36486\" data-element_type=\"widget\" data-widget_type=\"spacer.default\">\n\t\t\t\t<div class=\"elementor-widget-container\">\n\t\t\t\t\t<div class=\"elementor-spacer\">\n\t\t\t<div class=\"elementor-spacer-inner\"><\/div>\n\t\t<\/div>\n\t\t\t\t<\/div>\n\t\t\t\t<\/div>\n\t\t\t\t<div class=\"elementor-element elementor-element-c9b274b sc_fly_static elementor-widget elementor-widget-text-editor\" data-id=\"c9b274b\" data-element_type=\"widget\" data-widget_type=\"text-editor.default\">\n\t\t\t\t<div class=\"elementor-widget-container\">\n\t\t\t<style>\/*! elementor - v3.15.0 - 20-08-2023 *\/\n.elementor-widget-text-editor.elementor-drop-cap-view-stacked .elementor-drop-cap{background-color:#69727d;color:#fff}.elementor-widget-text-editor.elementor-drop-cap-view-framed .elementor-drop-cap{color:#69727d;border:3px solid;background-color:transparent}.elementor-widget-text-editor:not(.elementor-drop-cap-view-default) .elementor-drop-cap{margin-top:8px}.elementor-widget-text-editor:not(.elementor-drop-cap-view-default) .elementor-drop-cap-letter{width:1em;height:1em}.elementor-widget-text-editor .elementor-drop-cap{float:left;text-align:center;line-height:1;font-size:50px}.elementor-widget-text-editor .elementor-drop-cap-letter{display:inline-block}<\/style>\t\t\t\t<p>Sa\u00e7 ekimi tedavilerimiz hakk\u0131nda daha detayl\u0131 bilgi almak i\u00e7in a\u015fa\u011f\u0131da listeledi\u011fimiz sa\u00e7 ekimi tedavilerimizi inceleyebilirsiniz.<\/p>\t\t\t\t\t\t<\/div>\n\t\t\t\t<\/div>\n\t\t\t\t\t<\/div>\n\t\t<\/div>\n\t\t\t\t\t\t\t<\/div>\n\t\t<\/section>\n\t\t\t\t<div class=\"elementor-element elementor-element-af4fd7e sc_height_huge sc_fly_static elementor-widget elementor-widget-spacer\" data-id=\"af4fd7e\" data-element_type=\"widget\" data-widget_type=\"spacer.default\">\n\t\t\t\t<div class=\"elementor-widget-container\">\n\t\t\t\t\t<div class=\"elementor-spacer\">\n\t\t\t<div class=\"elementor-spacer-inner\"><\/div>\n\t\t<\/div>\n\t\t\t\t<\/div>\n\t\t\t\t<\/div>\n\t\t\t\t\t<\/div>\n\t\t<\/div>\n\t\t\t\t\t\t\t<\/div>\n\t\t<\/section>\n\t\t\t\t<section class=\"elementor-section elementor-top-section elementor-element elementor-element-4e0fce0 elementor-section-boxed elementor-section-height-default elementor-section-height-default sc_fly_static\" data-id=\"4e0fce0\" data-element_type=\"section\">\n\t\t\t\t\t\t<div class=\"elementor-container elementor-column-gap-extended\">\n\t\t\t\t\t<div class=\"elementor-column elementor-col-100 elementor-top-column elementor-element elementor-element-6080c8f sc_inner_width_none sc_content_align_inherit sc_layouts_column_icons_position_left sc_fly_static\" data-id=\"6080c8f\" data-element_type=\"column\">\n\t\t\t<div class=\"elementor-widget-wrap elementor-element-populated\">\n\t\t\t\t\t\t\t\t<div class=\"elementor-element elementor-element-3cd261d sc_fly_static elementor-widget elementor-widget-trx_sc_services\" data-id=\"3cd261d\" data-element_type=\"widget\" data-widget_type=\"trx_sc_services.default\">\n\t\t\t\t<div class=\"elementor-widget-container\">\n\t\t\t<div class=\"sc_services sc_services_default sc_services_featured_top\"><div class=\"sc_services_columns_wrap sc_item_columns sc_item_posts_container sc_item_columns_3 trx_addons_columns_wrap columns_padding_bottom\"><div class=\"trx_addons_column-1_3\"><div data-post-id=\"22509\" class=\"sc_services_item sc_item_container post_container without_content with_image sc_services_item_featured_top post-22509 cpt_services type-cpt_services status-publish hentry\" data-item-number=\"1\"\n>\n\t<span class=\"sc_services_item_number\">01<\/span>\t\n\t<div class=\"sc_services_item_info\">\n\t\t\t\t<div class=\"sc_services_item_header\">\n\t\t\t\t\t\t<h4 class=\"sc_services_item_title entry-title\"><a href=\"https:\/\/ehtclinic.com.tr\/tr\/services\/dhi-hair-transplant\/\">DH\u0130 Sa\u00e7 Ekimi<\/a><\/h4>\n            <div class=\"sc_services_item_subtitle\"><\/div>\t\t<\/div>\n\t\t        <div class=\"sc_services_item_button sc_item_button\">\n            <a href=\"https:\/\/ehtclinic.com.tr\/tr\/services\/dhi-hair-transplant\/\" class=\"sc_services_item_more_link\">\n                <span class=\"link_text\">Read more<\/span><span class=\"link_icon\"><\/span>\n            <\/a>\n            <\/div><\/div>\n<\/div>\n<\/div><div class=\"trx_addons_column-1_3\"><div data-post-id=\"22510\" class=\"sc_services_item sc_item_container post_container without_content with_image sc_services_item_featured_top post-22510 cpt_services type-cpt_services status-publish hentry\" data-item-number=\"2\"\n>\n\t<span class=\"sc_services_item_number\">02<\/span>\t\n\t<div class=\"sc_services_item_info\">\n\t\t\t\t<div class=\"sc_services_item_header\">\n\t\t\t\t\t\t<h4 class=\"sc_services_item_title entry-title\"><a href=\"https:\/\/ehtclinic.com.tr\/tr\/services\/fue-hair-transplant\/\">FUE Sa\u00e7 Ekimi<\/a><\/h4>\n            <div class=\"sc_services_item_subtitle\"><\/div>\t\t<\/div>\n\t\t        <div class=\"sc_services_item_button sc_item_button\">\n            <a href=\"https:\/\/ehtclinic.com.tr\/tr\/services\/fue-hair-transplant\/\" class=\"sc_services_item_more_link\">\n                <span class=\"link_text\">Read more<\/span><span class=\"link_icon\"><\/span>\n            <\/a>\n            <\/div><\/div>\n<\/div>\n<\/div><div class=\"trx_addons_column-1_3\"><div data-post-id=\"22511\" class=\"sc_services_item sc_item_container post_container without_content with_image sc_services_item_featured_top post-22511 cpt_services type-cpt_services status-publish hentry\" data-item-number=\"3\"\n>\n\t<span class=\"sc_services_item_number\">03<\/span>\t\n\t<div class=\"sc_services_item_info\">\n\t\t\t\t<div class=\"sc_services_item_header\">\n\t\t\t\t\t\t<h4 class=\"sc_services_item_title entry-title\"><a href=\"https:\/\/ehtclinic.com.tr\/tr\/services\/beard-transplant\/\">Sakal Ekimi<\/a><\/h4>\n            <div class=\"sc_services_item_subtitle\"><\/div>\t\t<\/div>\n\t\t        <div class=\"sc_services_item_button sc_item_button\">\n            <a href=\"https:\/\/ehtclinic.com.tr\/tr\/services\/beard-transplant\/\" class=\"sc_services_item_more_link\">\n                <span class=\"link_text\">Read more<\/span><span class=\"link_icon\"><\/span>\n            <\/a>\n            <\/div><\/div>\n<\/div>\n<\/div><div class=\"trx_addons_column-1_3\"><div data-post-id=\"22512\" class=\"sc_services_item sc_item_container post_container without_content with_image sc_services_item_featured_top post-22512 cpt_services type-cpt_services status-publish hentry\" data-item-number=\"4\"\n>\n\t<span class=\"sc_services_item_number\">04<\/span>\t\n\t<div class=\"sc_services_item_info\">\n\t\t\t\t<div class=\"sc_services_item_header\">\n\t\t\t\t\t\t<h4 class=\"sc_services_item_title entry-title\"><a href=\"https:\/\/ehtclinic.com.tr\/tr\/services\/eyebrow-transplant\/\">Ka\u015f Ekimi<\/a><\/h4>\n            <div class=\"sc_services_item_subtitle\"><\/div>\t\t<\/div>\n\t\t        <div class=\"sc_services_item_button sc_item_button\">\n            <a href=\"https:\/\/ehtclinic.com.tr\/tr\/services\/eyebrow-transplant\/\" class=\"sc_services_item_more_link\">\n                <span class=\"link_text\">Read more<\/span><span class=\"link_icon\"><\/span>\n            <\/a>\n            <\/div><\/div>\n<\/div>\n<\/div><\/div><\/div>\t\t<\/div>\n\t\t\t\t<\/div>\n\t\t\t\t\t<\/div>\n\t\t<\/div>\n\t\t\t\t\t\t\t<\/div>\n\t\t<\/section>\n\t\t\t\t\t\t\t<\/div>","protected":false},"excerpt":{"rendered":"<p>Hair Transplant Our Hair Transplant Treatments For more detailed information about our hair transplant treatments, you can check our hair transplant treatments listed below. 01 DHI Hair Transplant Read more&hellip;<\/p>","protected":false},"author":1,"featured_media":0,"parent":0,"menu_order":0,"comment_status":"closed","ping_status":"closed","template":"","meta":{"footnotes":""},"class_list":["post-3927","page","type-page","status-publish","hentry"],"_links":{"self":[{"href":"https:\/\/ehtclinic.com.tr\/tr\/wp-json\/wp\/v2\/pages\/3927","targetHints":{"allow":["GET"]}}],"collection":[{"href":"https:\/\/ehtclinic.com.tr\/tr\/wp-json\/wp\/v2\/pages"}],"about":[{"href":"https:\/\/ehtclinic.com.tr\/tr\/wp-json\/wp\/v2\/types\/page"}],"author":[{"embeddable":true,"href":"https:\/\/ehtclinic.com.tr\/tr\/wp-json\/wp\/v2\/users\/1"}],"replies":[{"embeddable":true,"href":"https:\/\/ehtclinic.com.tr\/tr\/wp-json\/wp\/v2\/comments?post=3927"}],"version-history":[{"count":6,"href":"https:\/\/ehtclinic.com.tr\/tr\/wp-json\/wp\/v2\/pages\/3927\/revisions"}],"predecessor-version":[{"id":22577,"href":"https:\/\/ehtclinic.com.tr\/tr\/wp-json\/wp\/v2\/pages\/3927\/revisions\/22577"}],"wp:attachment":[{"href":"https:\/\/ehtclinic.com.tr\/tr\/wp-json\/wp\/v2\/media?parent=3927"}],"curies":[{"name":"wp","href":"https:\/\/api.w.org\/{rel}","templated":true}]}}